{"id":11,"date":"2018-02-18T22:22:00","date_gmt":"2018-02-18T22:22:00","guid":{"rendered":"https:\/\/archiv.siko-manegg.ch\/?page_id=11"},"modified":"2023-05-16T14:49:32","modified_gmt":"2023-05-16T12:49:32","slug":"kontakt","status":"publish","type":"page","link":"https:\/\/archiv.siko-manegg.ch\/?page_id=11","title":{"rendered":"Kontakt"},"content":{"rendered":"<p><a href=\"https:\/\/archiv.siko-manegg.ch\/wp-content\/uploads\/2018\/03\/siko-spielfiguren-klein.jpg\"><img decoding=\"async\" loading=\"lazy\" class=\"aligncenter size-full wp-image-108\" src=\"https:\/\/archiv.siko-manegg.ch\/wp-content\/uploads\/2018\/03\/siko-spielfiguren-klein.jpg\" alt=\"\" width=\"1000\" height=\"333\" srcset=\"https:\/\/archiv.siko-manegg.ch\/wp-content\/uploads\/2018\/03\/siko-spielfiguren-klein.jpg 1000w, https:\/\/archiv.siko-manegg.ch\/wp-content\/uploads\/2018\/03\/siko-spielfiguren-klein-300x100.jpg 300w, https:\/\/archiv.siko-manegg.ch\/wp-content\/uploads\/2018\/03\/siko-spielfiguren-klein-768x256.jpg 768w, https:\/\/archiv.siko-manegg.ch\/wp-content\/uploads\/2018\/03\/siko-spielfiguren-klein-100x33.jpg 100w\" sizes=\"(max-width: 1000px) 100vw, 1000px\" \/><\/a><\/p>\n<h2><span lang=\"DE-CH\">Wer ist und was macht die SiKo?<\/span><\/h2>\n<p><span lang=\"DE-CH\">Die Siedlungskommission (kurz <a href=\"mailto:info@archiv.siko-manegg.ch\">SiKo<\/a>) sieht sich als Verbindung zwischen uns Mieterinnen und Mietern und dem Vorstand bzw. der Verwaltung. Wir m\u00f6chten, dass hier in der Manegg das Motto \u00abMehr als Wohnen\u00bb den Alltag pr\u00e4gt. Wir tragen dazu bei, dass unser Areal belebt wird und f\u00fchren diverse Anl\u00e4sse durch. Wer selber gerne etwas organisieren m\u00f6chte oder Ideen hat, ist herzlich eingeladen, diese einzubringen. Alle d\u00fcrfen Events organisieren. Die SiKo GBMZ Manegg existiert seit dem 24. Januar 2018, als die ersten Mitglieder gew\u00e4hlt wurden.<\/span><\/p>\n<p>Elektronischer Briefkasten: <a href=\"mailto:info@archiv.siko-manegg.ch\">info@archiv.siko-manegg.ch<\/a><\/p>\n<h2>Pr\u00e4sidium<\/h2>\n<p>Das Pr\u00e4sidium der SiKo GBMZ Manegg liegt bei <a href=\"mailto:manu@archiv.siko-manegg.ch\">Manu Heim<\/a>, Maneggplatz 20, Tel. +41 77 4088 702.<\/p>\n<h2><span lang=\"DE-CH\">Haus\u00adveranwortliche<\/span><\/h2>\n<p><span lang=\"DE-CH\">In jedem Haus der GBMZ hat die SiKo einen Hausverantwortlichen. Es sind dies:<\/span><\/p>\n<ul>\n<li>Tuchmacherstrasse 46: <a href=\"mailto:fxweingartner@gmail.com\">Felix Weingartner<\/a> (Tel.: +41 79 220 60 27)<\/li>\n<li>Maneggplatz 18: <a href=\"mailto:oli_zh3@hotmail.com\">Oliver Weingartner<\/a> (Tel.: +41 79 792 74 55)<\/li>\n<li>Maneggplatz 20: <a href=\"mailto:manu@archiv.siko-manegg.ch\">Manu Heim<\/a> (Tel.: +41 77 4088 702)<\/li>\n<li>Maneggplatz 22: <a href=\"mailto:nicole@archiv.siko-manegg.ch\">Nicole Gerlach<\/a> (Tel.: +41 79 229 54 16) und <a href=\"mailto:michaela@archiv.siko-manegg.ch\">Michaela Scheidegger-Beer<\/a> (Tel.: +41 79 708 60 90)<\/li>\n<\/ul>\n<p><span lang=\"DE-CH\">Wir sind auch da f\u00fcr allerlei Fragen aus dem Alltag: Recycling? Zusatzzonen im \u00f6ffentlichen Verkehr?\u00a0\u00a0Babysitter? Schlagbohrmaschine? Etc. Wenn wir k\u00f6nnen, helfen wir gerne!\u00a0<\/span><\/p>\n<h2>SiKo-Mitglieder<\/h2>\n<p>Aktuelle Mitglieder der SiKo sind (Stand Januar 2023):<\/p>\n<ul>\n<li>Manu Heim, Maneggplatz 20 (Pr\u00e4sidentin)<\/li>\n<li>Caroline Ahmed-Rissel, Maneggplatz 18<\/li>\n<li>Ren\u00e9 Engi, Tuchmacherstrasse 46<\/li>\n<li>Nicole Gerlach, Maneggplatz 22 (Stv. Pr\u00e4sidentin, Eventmanagement)<\/li>\n<li>Emre Oezkol, Tuchmacherstrasse 46<\/li>\n<li>Michaela Scheidegger-Beer, Maneggplatz 22<\/li>\n<li>Felix Weingartner, Tuchmacherstrasse 46 (Buchhaltung)<\/li>\n<li>Florence Weingartner, Maneggplatz 18 (Gemeinschaftsraum)<\/li>\n<li>Gaby Weingartner, Tuchmacherstrasse 46 (Gemeinschaftsraum)<\/li>\n<li>Oliver Weingartner, Maneggplatz 18<\/li>\n<\/ul>\n<h2>Kontaktiere die SiKo<\/h2>\n<h3>Mail und Telefon<\/h3>\n<p>Die SiKo-Mitglieder mit speziellen Aufgaben erreichst du \u00fcber die verlinkten Mailadressen und per Telefon (einige auch per Whatsapp). Gerne kannst du uns auch in der <a href=\"https:\/\/beunity.app\">beUnity-App<\/a> im Chat kontaktieren. Wenn du die SiKo als Gruppe kontaktieren m\u00f6chtest oder nicht weisst, wer dein Ansprechpartner ist, ist die Mailadresse <a href=\"mailto:info@archiv.siko-manegg.ch\">info@archiv.siko-manegg.ch<\/a> eine gute Wahl. Wir k\u00fcmmern uns darum, dass die Anfrage zur richtigen Stelle gelangt.<\/p>\n<h3>Offline<\/h3>\n<p>Auch ohne Smartphone oder Computer erreichst du uns. Sprich deinen Hausverantwortlichen im Lift an oder in der Waschk\u00fcche, auf dem Spielplatz oder in der B\u00e4ckerei. Schreib uns eine Notiz und lege diese in den Briefkasten von Manu Heim am Maneggplatz 20, gerne mit Absender, so dass wir bei Unklarheiten nachhaken k\u00f6nnen.<br \/>\n<!--\n\n\n<h3>Kontaktformular<\/h3>\n\n\n[contact-form-7 id=\"4\" title=\"Contact form 1\"]\n\n&nbsp;\n--><\/p>\n","protected":false},"excerpt":{"rendered":"<p>Wer ist und was macht die SiKo? Die Siedlungskommission (kurz SiKo) sieht sich als Verbindung zwischen uns Mieterinnen und Mietern und dem Vorstand bzw. der Verwaltung. Wir m\u00f6chten, dass hier in der Manegg das Motto \u00abMehr als Wohnen\u00bb den Alltag &#8230; <\/p>\n<div><a href=\"https:\/\/archiv.siko-manegg.ch\/?page_id=11\" class=\"more-link\">Read More<\/a><\/div>\n","protected":false},"author":2,"featured_media":0,"parent":0,"menu_order":0,"comment_status":"closed","ping_status":"closed","template":"","meta":[],"_links":{"self":[{"href":"https:\/\/archiv.siko-manegg.ch\/index.php?rest_route=\/wp\/v2\/pages\/11"}],"collection":[{"href":"https:\/\/archiv.siko-manegg.ch\/index.php?rest_route=\/wp\/v2\/pages"}],"about":[{"href":"https:\/\/archiv.siko-manegg.ch\/index.php?rest_route=\/wp\/v2\/types\/page"}],"author":[{"embeddable":true,"href":"https:\/\/archiv.siko-manegg.ch\/index.php?rest_route=\/wp\/v2\/users\/2"}],"replies":[{"embeddable":true,"href":"https:\/\/archiv.siko-manegg.ch\/index.php?rest_route=%2Fwp%2Fv2%2Fcomments&post=11"}],"version-history":[{"count":75,"href":"https:\/\/archiv.siko-manegg.ch\/index.php?rest_route=\/wp\/v2\/pages\/11\/revisions"}],"predecessor-version":[{"id":1937,"href":"https:\/\/archiv.siko-manegg.ch\/index.php?rest_route=\/wp\/v2\/pages\/11\/revisions\/1937"}],"wp:attachment":[{"href":"https:\/\/archiv.siko-manegg.ch\/index.php?rest_route=%2Fwp%2Fv2%2Fmedia&parent=11"}],"curies":[{"name":"wp","href":"https:\/\/api.w.org\/{rel}","templated":true}]}}