{"id":602,"date":"2018-10-05T08:57:00","date_gmt":"2018-10-05T06:57:00","guid":{"rendered":"https:\/\/archiv.siko-manegg.ch\/?page_id=602"},"modified":"2022-05-26T14:06:26","modified_gmt":"2022-05-26T12:06:26","slug":"dachterrassen","status":"publish","type":"page","link":"https:\/\/archiv.siko-manegg.ch\/?page_id=602","title":{"rendered":"Dach\u00adterrassen"},"content":{"rendered":"<p><img decoding=\"async\" loading=\"lazy\" class=\"aligncenter size-full wp-image-685\" src=\"https:\/\/archiv.siko-manegg.ch\/wp-content\/uploads\/2018\/10\/dachterrasse-header-stuehle.png\" alt=\"\" width=\"1000\" height=\"333\" srcset=\"https:\/\/archiv.siko-manegg.ch\/wp-content\/uploads\/2018\/10\/dachterrasse-header-stuehle.png 1000w, https:\/\/archiv.siko-manegg.ch\/wp-content\/uploads\/2018\/10\/dachterrasse-header-stuehle-300x100.png 300w, https:\/\/archiv.siko-manegg.ch\/wp-content\/uploads\/2018\/10\/dachterrasse-header-stuehle-768x256.png 768w, https:\/\/archiv.siko-manegg.ch\/wp-content\/uploads\/2018\/10\/dachterrasse-header-stuehle-100x33.png 100w\" sizes=\"(max-width: 1000px) 100vw, 1000px\" \/><br \/>\nDie beiden Dachterrassen (Dachterrasse Uetlibergblick zwischen Maneggplatz 18 und 20 sowie Dachterrasse Spinnereiblick zwischen Maneggplatz 22 und Tuchmacherstrasse 50) im 7. Stock des Geb\u00e4udes B4S sollen ein <b>Ort der Begegnung <\/b>f\u00fcr alle Bewohner des Geb\u00e4ude B4S sein. Das Geb\u00e4ude B4S umfasst die H\u00e4user Maneggplatz 18, 20, 22 und Tuchmacherstrasse 46 der GBMZ sowie das Haus Tuchmacherstrasse 50 der Stiftung f\u00fcr kinderreiche Familien. Die beiden Terrassen sollen Raum bieten f\u00fcr gemeinsames Essen, Trinken, Gespr\u00e4che usw. Die so entstehenden spontanen Begegnungen und Gespr\u00e4che sollen das Gemeinschaftsleben und Gemeinschaftsbewusstsein f\u00fcr das ganze Geb\u00e4ude erm\u00f6glichen und pr\u00e4gen.<span class=\"Apple-converted-space\">\u00a0<\/span><\/p>\n<p>Mittlerweile sind die beiden Dachterrassen mit einem Grill mit Zubeh\u00f6r, sowie zwei grossen Tischen mit St\u00fchlen ausgestattet. Diese sind f\u00fcr alle zum Benutzen gedacht. Damit wir lange Freude an unseren Dachterrassen haben, bitten wir Euch, folgende Sachen zu beachten:<span class=\"Apple-converted-space\">\u00a0<\/span><\/p>\n<ul>\n<li><b>Bitte hinterlasst die Dachterrassen so, wie Ihr Sie gerne vorfinden w\u00fcrdet!<span class=\"Apple-converted-space\">\u00a0<\/span><\/b><\/li>\n<li>Die Terrassen, Tische, Grills und St\u00fchle sollen nach der Benutzung aufger\u00e4umt und falls n\u00f6tig gereinigt werden. Abfall muss entsorgt, das Licht gel\u00f6scht (Drehschalter = 0) und pers\u00f6nliche Gegenst\u00e4nde wieder entfernt werden, die Nachtruhe gilt ab 22 Uhr<span class=\"Apple-converted-space\">\u00a0<\/span><\/li>\n<li>Eltern sind f\u00fcr ihre Kinder verantwortlich, vor allem der 8. Stock birgt viele Risiken, neben teuren Sachbesch\u00e4digungen z.B. der Solaranlagen sind auch schlimme Unf\u00e4lle m\u00f6glich.<span class=\"Apple-converted-space\">\u00a0<\/span><\/li>\n<li>Die Terrassen konnten im Sommer 2018 u.a. aus organisatorischen Gr\u00fcnden nicht reserviert werden. Im Herbst wird evaluiert, ob ein Bed\u00fcrfnis f\u00fcr eine Reservierung besteht und eine allf\u00e4llige Umsetzung f\u00fcr den Sommer 2019 gepr\u00fcft.<span class=\"Apple-converted-space\">\u00a0<\/span><\/li>\n<li>Raucher werden gebeten, R\u00fccksicht auf die Nichtraucher zu nehmen und <b>Zigarettenstummel in jedem Fall fachgerecht zu entsorgen<\/b>. Die Aschenbecher sollen nicht direkt neben den Esstischen stehen bleiben. Bei Festen und vielen Leuten empfiehlt es sich auf dem 8. Stock oben f\u00fcr die Dauer des Festes einen Raucherbereich einzurichten.<span class=\"Apple-converted-space\">\u00a0<\/span><\/li>\n<li>Wir bitten euch, die Hausordnung einzuhalten. Private M\u00f6bel und Gegenst\u00e4nde sollen nach dem Gebrauch wieder in die privaten R\u00e4ume zur\u00fcck getragen werden. Die zum Teil verrosteten M\u00f6bel hinterlassen zudem Rostflecken auf dem Boden.<\/li>\n<\/ul>\n<p>Wir freuen uns auf viele sch\u00f6ne Momente auf den Terrassen!<span class=\"Apple-converted-space\">\u00a0<\/span><\/p>\n<p>Arbeitsgruppe Dachterrasse<span class=\"Apple-converted-space\">\u00a0<\/span><\/p>\n","protected":false},"excerpt":{"rendered":"<p>Die beiden Dachterrassen (Dachterrasse Uetlibergblick zwischen Maneggplatz 18 und 20 sowie Dachterrasse Spinnereiblick zwischen Maneggplatz 22 und Tuchmacherstrasse 50) im 7. Stock des Geb\u00e4udes B4S sollen ein Ort der Begegnung f\u00fcr alle Bewohner des Geb\u00e4ude B4S sein. Das Geb\u00e4ude B4S &#8230; <\/p>\n<div><a href=\"https:\/\/archiv.siko-manegg.ch\/?page_id=602\" class=\"more-link\">Read More<\/a><\/div>\n","protected":false},"author":2,"featured_media":0,"parent":0,"menu_order":0,"comment_status":"closed","ping_status":"closed","template":"","meta":[],"_links":{"self":[{"href":"https:\/\/archiv.siko-manegg.ch\/index.php?rest_route=\/wp\/v2\/pages\/602"}],"collection":[{"href":"https:\/\/archiv.siko-manegg.ch\/index.php?rest_route=\/wp\/v2\/pages"}],"about":[{"href":"https:\/\/archiv.siko-manegg.ch\/index.php?rest_route=\/wp\/v2\/types\/page"}],"author":[{"embeddable":true,"href":"https:\/\/archiv.siko-manegg.ch\/index.php?rest_route=\/wp\/v2\/users\/2"}],"replies":[{"embeddable":true,"href":"https:\/\/archiv.siko-manegg.ch\/index.php?rest_route=%2Fwp%2Fv2%2Fcomments&post=602"}],"version-history":[{"count":8,"href":"https:\/\/archiv.siko-manegg.ch\/index.php?rest_route=\/wp\/v2\/pages\/602\/revisions"}],"predecessor-version":[{"id":1916,"href":"https:\/\/archiv.siko-manegg.ch\/index.php?rest_route=\/wp\/v2\/pages\/602\/revisions\/1916"}],"wp:attachment":[{"href":"https:\/\/archiv.siko-manegg.ch\/index.php?rest_route=%2Fwp%2Fv2%2Fmedia&parent=602"}],"curies":[{"name":"wp","href":"https:\/\/api.w.org\/{rel}","templated":true}]}}