{"id":608,"date":"2018-10-05T09:56:24","date_gmt":"2018-10-05T07:56:24","guid":{"rendered":"https:\/\/archiv.siko-manegg.ch\/?page_id=608"},"modified":"2023-05-16T14:44:28","modified_gmt":"2023-05-16T12:44:28","slug":"aktuell","status":"publish","type":"page","link":"https:\/\/archiv.siko-manegg.ch\/","title":{"rendered":"Aktuell"},"content":{"rendered":"\n<figure class=\"wp-block-image size-large\"><img decoding=\"async\" loading=\"lazy\" width=\"1000\" height=\"333\" src=\"https:\/\/archiv.siko-manegg.ch\/wp-content\/uploads\/2021\/06\/WohngebN\u0303ude-B4-SA\u030ad-mit-Innenhof-1.jpg\" alt=\"Wohngeb\u00e4ude GBMZ Innenhof B4S\u00fcd\" class=\"wp-image-1884\" srcset=\"https:\/\/archiv.siko-manegg.ch\/wp-content\/uploads\/2021\/06\/WohngebN\u0303ude-B4-SA\u030ad-mit-Innenhof-1.jpg 1000w, https:\/\/archiv.siko-manegg.ch\/wp-content\/uploads\/2021\/06\/WohngebN\u0303ude-B4-SA\u030ad-mit-Innenhof-1-300x100.jpg 300w, https:\/\/archiv.siko-manegg.ch\/wp-content\/uploads\/2021\/06\/WohngebN\u0303ude-B4-SA\u030ad-mit-Innenhof-1-768x256.jpg 768w, https:\/\/archiv.siko-manegg.ch\/wp-content\/uploads\/2021\/06\/WohngebN\u0303ude-B4-SA\u030ad-mit-Innenhof-1-100x33.jpg 100w\" sizes=\"(max-width: 1000px) 100vw, 1000px\" \/><\/figure>\n\n\n\n<h2 class=\"wp-block-heading\">N\u00e4chste Veranstaltungen<\/h2>\n\n\n\n<p><a data-beunity=\"timeline\" href=\"https:\/\/beunity.app\/embed\/270\/group?notice=on&amp;type=event\">\u00d6ffentliche Veranstaltungen gibt es in unserer Quartier-App beUnity<\/a>.\n<\/p>\n\n\n\n<script src=\"https:\/\/beunity.app\/packs\/js\/beunity_timeline.js\/packs\/js\/beunity_timeline.js\" async=\"async\"><\/script>\n\n\n\n<p> Es sind nur die als \u00f6ffentlich publizierten Meldungen sichtbar. Mitglieder der beUnity-App sehen weitere Veranstaltungen in der App.<\/p>\n\n\n\n<h2 class=\"wp-block-heading\">News<\/h2>\n\n\n\n<p><a data-beunity=\"timeline\" href=\"https:\/\/beunity.app\/embed\/270\/group?notice=on&amp;type=news\">News \u00fcber die Manegg gibt es in unserer Quartier-App beUnity<\/a>.\n<\/p>\n\n\n\n<script src=\"https:\/\/beunity.app\/packs\/js\/beunity_timeline.js\/packs\/js\/beunity_timeline.js\" async=\"async\"><\/script>\n\n\n\n<p> Es sind nur die als \u00f6ffentlich publizierten Meldungen sichtbar. Mitglieder der beUnity-App sehen mehr News in der App.<\/p>\n","protected":false},"excerpt":{"rendered":"<p>N\u00e4chste Veranstaltungen \u00d6ffentliche Veranstaltungen gibt es in unserer Quartier-App beUnity. Es sind nur die als \u00f6ffentlich publizierten Meldungen sichtbar. Mitglieder der beUnity-App sehen weitere Veranstaltungen in der App. News News \u00fcber die Manegg gibt es in unserer Quartier-App beUnity. Es &#8230; <\/p>\n<div><a href=\"https:\/\/archiv.siko-manegg.ch\/\" class=\"more-link\">Read More<\/a><\/div>\n","protected":false},"author":2,"featured_media":0,"parent":0,"menu_order":0,"comment_status":"closed","ping_status":"closed","template":"","meta":[],"_links":{"self":[{"href":"https:\/\/archiv.siko-manegg.ch\/index.php?rest_route=\/wp\/v2\/pages\/608"}],"collection":[{"href":"https:\/\/archiv.siko-manegg.ch\/index.php?rest_route=\/wp\/v2\/pages"}],"about":[{"href":"https:\/\/archiv.siko-manegg.ch\/index.php?rest_route=\/wp\/v2\/types\/page"}],"author":[{"embeddable":true,"href":"https:\/\/archiv.siko-manegg.ch\/index.php?rest_route=\/wp\/v2\/users\/2"}],"replies":[{"embeddable":true,"href":"https:\/\/archiv.siko-manegg.ch\/index.php?rest_route=%2Fwp%2Fv2%2Fcomments&post=608"}],"version-history":[{"count":80,"href":"https:\/\/archiv.siko-manegg.ch\/index.php?rest_route=\/wp\/v2\/pages\/608\/revisions"}],"predecessor-version":[{"id":1934,"href":"https:\/\/archiv.siko-manegg.ch\/index.php?rest_route=\/wp\/v2\/pages\/608\/revisions\/1934"}],"wp:attachment":[{"href":"https:\/\/archiv.siko-manegg.ch\/index.php?rest_route=%2Fwp%2Fv2%2Fmedia&parent=608"}],"curies":[{"name":"wp","href":"https:\/\/api.w.org\/{rel}","templated":true}]}}